{"id":9063,"date":"2022-06-07T16:15:36","date_gmt":"2022-06-07T14:15:36","guid":{"rendered":"https:\/\/www.therooms.eu\/?page_id=9063"},"modified":"2022-06-07T16:15:36","modified_gmt":"2022-06-07T14:15:36","slug":"prevadzkovy-poriadok","status":"publish","type":"page","link":"https:\/\/www.therooms.eu\/en\/prevadzkovy-poriadok\/","title":{"rendered":"Prev\u00e1dzkov\u00fd poriadok"},"content":{"rendered":"\n<style type=\"text\/css\" data-created_by=\"avia_inline_auto\" id=\"style-css-av-30vqdz-51f2d124ab1669e33d3e8d689e2eb329\">\n#top .av-special-heading.av-30vqdz-51f2d124ab1669e33d3e8d689e2eb329{\npadding-bottom:10px;\nfont-size:70px;\n}\nbody .av-special-heading.av-30vqdz-51f2d124ab1669e33d3e8d689e2eb329 .av-special-heading-tag .heading-char{\nfont-size:25px;\n}\n#top #wrap_all .av-special-heading.av-30vqdz-51f2d124ab1669e33d3e8d689e2eb329 .av-special-heading-tag{\nfont-size:70px;\n}\n.av-special-heading.av-30vqdz-51f2d124ab1669e33d3e8d689e2eb329 .av-subheading{\nfont-size:20px;\n}\n\n@media only screen and (min-width: 480px) and (max-width: 767px){ \n#top #wrap_all .av-special-heading.av-30vqdz-51f2d124ab1669e33d3e8d689e2eb329 .av-special-heading-tag{\nfont-size:0.8em;\n}\n}\n\n@media only screen and (max-width: 479px){ \n#top #wrap_all .av-special-heading.av-30vqdz-51f2d124ab1669e33d3e8d689e2eb329 .av-special-heading-tag{\nfont-size:0.8em;\n}\n}\n<\/style>\n<div  class='av-special-heading av-30vqdz-51f2d124ab1669e33d3e8d689e2eb329 av-special-heading-h1 blockquote modern-quote  avia-builder-el-0  el_before_av_hr  avia-builder-el-first  av-thin-font av-inherit-size'><h1 class='av-special-heading-tag'  itemprop=\"headline\"  >Prev\u00e1dzkov\u00fd poriadok<strong>.<\/strong><\/h1><div class=\"special-heading-border\"><div class=\"special-heading-inner-border\"><\/div><\/div><\/div>\n\n<style type=\"text\/css\" data-created_by=\"avia_inline_auto\" id=\"style-css-av-jijyvyne-52d7f515f068d148172ad28cd3bdfaf7\">\n#top .hr.hr-invisible.av-jijyvyne-52d7f515f068d148172ad28cd3bdfaf7{\nheight:50px;\n}\n<\/style>\n<div  class='hr av-jijyvyne-52d7f515f068d148172ad28cd3bdfaf7 hr-invisible  avia-builder-el-1  el_after_av_heading  el_before_av_textblock '><span class='hr-inner '><span class=\"hr-inner-style\"><\/span><\/span><\/div>\n<section  class='av_textblock_section av-jijye60j-26f260a13958e0db07663ff7646cc11d'  itemscope=\"itemscope\" itemtype=\"https:\/\/schema.org\/CreativeWork\" ><div class='avia_textblock'  itemprop=\"text\" ><p>Prev\u00e1dzka:<\/p>\n<p><a href=\"https:\/\/www.therooms.eu\/wp-content\/uploads\/2019\/10\/PREV\u00c1DZKOV\u00dd-PORIADOK-Al\u017ebetina-41-1.pdf\">Al\u017ebetina 41, Ko\u0161ice 04001 &#8211; (Tutanchamon, Jig-Saw) &#8211; Therooms.eu s.r.o.<\/a><\/p>\n<p><a href=\"https:\/\/www.therooms.eu\/wp-content\/uploads\/2019\/10\/PREV\u00c1DZKOV\u00dd-PORIADOK-Hlavn\u00e1-83-TheRooms.eu-s.r.o.-1.pdf\">Hlavn\u00e1 83, Ko\u0161ice 04001 &#8211; (Pir\u00e1ti, Avatar) &#8211; TheRooms.eu s.r.o.<\/a><\/p>\n<p><a href=\"https:\/\/www.therooms.eu\/wp-content\/uploads\/2019\/10\/PREV\u00c1DZKOV\u00dd-PORIADOK-Hlavn\u00e1-83-Krajina-z\u00e1zrakov-1.pdf\">Hlavn\u00e1 83, Ko\u0161ice 04001 &#8211; (Krajina z\u00e1zrakov)<\/a><\/p>\n<p><a href=\"https:\/\/www.therooms.eu\/wp-content\/uploads\/2020\/03\/PREV\u00c1DZKOV\u00dd-PORIADOK-Hlavn\u00e1-5.pdf\">Hlavn\u00e1 5, Ko\u0161ice 04001 &#8211; (Sherlocked, Spolo\u010denstvo prste\u0148a, \u00datek z v\u00e4zenia)<\/a><\/p>\n<p><a href=\"https:\/\/www.therooms.eu\/wp-content\/uploads\/2019\/10\/PREV\u00c1DZKOV\u00dd-PORIADOK-Zvon\u00e1rska-17-1.pdf\">Zvon\u00e1rska 17, Ko\u0161ice 04001 &#8211; (Straten\u00ed v \u010dase)<\/a><\/p>\n<\/div><\/section>\n","protected":false},"excerpt":{"rendered":"","protected":false},"author":5,"featured_media":0,"parent":0,"menu_order":0,"comment_status":"closed","ping_status":"closed","template":"","meta":{"footnotes":""},"class_list":["post-9063","page","type-page","status-publish","hentry"],"yoast_head":"<!-- This site is optimized with the Yoast SEO plugin v23.8 - https:\/\/yoast.com\/wordpress\/plugins\/seo\/ -->\n<title>Prev\u00e1dzkov\u00fd poriadok<\/title>\n<meta name=\"description\" content=\"Access the operational rules on TheRooms.eu. Important information regarding rules, safety, and other guidelines can be found right here.\" \/>\n<meta name=\"robots\" content=\"index, follow, max-snippet:-1, max-image-preview:large, max-video-preview:-1\" \/>\n<link rel=\"canonical\" href=\"https:\/\/www.therooms.eu\/en\/prevadzkovy-poriadok\/\" \/>\n<meta property=\"og:locale\" content=\"en_US\" \/>\n<meta property=\"og:type\" content=\"article\" \/>\n<meta property=\"og:title\" content=\"Prev\u00e1dzkov\u00fd poriadok\" \/>\n<meta property=\"og:description\" content=\"Access the operational rules on TheRooms.eu. Important information regarding rules, safety, and other guidelines can be found right here.\" \/>\n<meta property=\"og:url\" content=\"https:\/\/www.therooms.eu\/en\/prevadzkovy-poriadok\/\" \/>\n<meta property=\"og:site_name\" content=\"TheRooms.eu\" \/>\n<meta property=\"article:publisher\" content=\"https:\/\/www.facebook.com\/therooms.eu\/\" \/>\n<meta property=\"og:image\" content=\"https:\/\/www.therooms.eu\/wp-content\/uploads\/2018\/07\/The-Rooms-origin\u00e1l-blackline.png\" \/>\n\t<meta property=\"og:image:width\" content=\"741\" \/>\n\t<meta property=\"og:image:height\" content=\"157\" \/>\n\t<meta property=\"og:image:type\" content=\"image\/png\" \/>\n<meta name=\"twitter:card\" content=\"summary_large_image\" \/>\n<meta name=\"twitter:label1\" content=\"Est. reading time\" \/>\n\t<meta name=\"twitter:data1\" content=\"1 minute\" \/>\n<script type=\"application\/ld+json\" class=\"yoast-schema-graph\">{\"@context\":\"https:\/\/schema.org\",\"@graph\":[{\"@type\":\"WebPage\",\"@id\":\"https:\/\/www.therooms.eu\/en\/prevadzkovy-poriadok\/\",\"url\":\"https:\/\/www.therooms.eu\/en\/prevadzkovy-poriadok\/\",\"name\":\"Prev\u00e1dzkov\u00fd poriadok\",\"isPartOf\":{\"@id\":\"https:\/\/www.therooms.eu\/en\/#website\"},\"datePublished\":\"2022-06-07T14:15:36+00:00\",\"dateModified\":\"2022-06-07T14:15:36+00:00\",\"description\":\"Access the operational rules on TheRooms.eu. Important information regarding rules, safety, and other guidelines can be found right here.\",\"breadcrumb\":{\"@id\":\"https:\/\/www.therooms.eu\/en\/prevadzkovy-poriadok\/#breadcrumb\"},\"inLanguage\":\"en-US\",\"potentialAction\":[{\"@type\":\"ReadAction\",\"target\":[\"https:\/\/www.therooms.eu\/en\/prevadzkovy-poriadok\/\"]}]},{\"@type\":\"BreadcrumbList\",\"@id\":\"https:\/\/www.therooms.eu\/en\/prevadzkovy-poriadok\/#breadcrumb\",\"itemListElement\":[{\"@type\":\"ListItem\",\"position\":1,\"name\":\"Home\",\"item\":\"https:\/\/www.therooms.eu\/en\/home\/\"},{\"@type\":\"ListItem\",\"position\":2,\"name\":\"Prev\u00e1dzkov\u00fd poriadok\"}]},{\"@type\":\"WebSite\",\"@id\":\"https:\/\/www.therooms.eu\/en\/#website\",\"url\":\"https:\/\/www.therooms.eu\/en\/\",\"name\":\"TheRooms.eu\",\"description\":\"\",\"publisher\":{\"@id\":\"https:\/\/www.therooms.eu\/en\/#organization\"},\"potentialAction\":[{\"@type\":\"SearchAction\",\"target\":{\"@type\":\"EntryPoint\",\"urlTemplate\":\"https:\/\/www.therooms.eu\/en\/?s={search_term_string}\"},\"query-input\":{\"@type\":\"PropertyValueSpecification\",\"valueRequired\":true,\"valueName\":\"search_term_string\"}}],\"inLanguage\":\"en-US\"},{\"@type\":\"Organization\",\"@id\":\"https:\/\/www.therooms.eu\/en\/#organization\",\"name\":\"TheRooms.eu\",\"url\":\"https:\/\/www.therooms.eu\/en\/\",\"logo\":{\"@type\":\"ImageObject\",\"inLanguage\":\"en-US\",\"@id\":\"https:\/\/www.therooms.eu\/en\/#\/schema\/logo\/image\/\",\"url\":\"https:\/\/www.therooms.eu\/wp-content\/uploads\/2022\/12\/TheRooms-New-logo-vektor-cierny-lem-2.png\",\"contentUrl\":\"https:\/\/www.therooms.eu\/wp-content\/uploads\/2022\/12\/TheRooms-New-logo-vektor-cierny-lem-2.png\",\"width\":3537,\"height\":887,\"caption\":\"TheRooms.eu\"},\"image\":{\"@id\":\"https:\/\/www.therooms.eu\/en\/#\/schema\/logo\/image\/\"},\"sameAs\":[\"https:\/\/www.facebook.com\/therooms.eu\/\",\"https:\/\/www.instagram.com\/therooms.eu\/\",\"https:\/\/www.youtube.com\/channel\/UCVvTiTvrpmuFrLP7JMeC3Zg\"]}]}<\/script>\n<!-- \/ Yoast SEO plugin. -->","yoast_head_json":{"title":"Prev\u00e1dzkov\u00fd poriadok","description":"Access the operational rules on TheRooms.eu. Important information regarding rules, safety, and other guidelines can be found right here.","robots":{"index":"index","follow":"follow","max-snippet":"max-snippet:-1","max-image-preview":"max-image-preview:large","max-video-preview":"max-video-preview:-1"},"canonical":"https:\/\/www.therooms.eu\/en\/prevadzkovy-poriadok\/","og_locale":"en_US","og_type":"article","og_title":"Prev\u00e1dzkov\u00fd poriadok","og_description":"Access the operational rules on TheRooms.eu. Important information regarding rules, safety, and other guidelines can be found right here.","og_url":"https:\/\/www.therooms.eu\/en\/prevadzkovy-poriadok\/","og_site_name":"TheRooms.eu","article_publisher":"https:\/\/www.facebook.com\/therooms.eu\/","og_image":[{"width":741,"height":157,"url":"https:\/\/www.therooms.eu\/wp-content\/uploads\/2018\/07\/The-Rooms-origin\u00e1l-blackline.png","type":"image\/png"}],"twitter_card":"summary_large_image","twitter_misc":{"Est. reading time":"1 minute"},"schema":{"@context":"https:\/\/schema.org","@graph":[{"@type":"WebPage","@id":"https:\/\/www.therooms.eu\/en\/prevadzkovy-poriadok\/","url":"https:\/\/www.therooms.eu\/en\/prevadzkovy-poriadok\/","name":"Prev\u00e1dzkov\u00fd poriadok","isPartOf":{"@id":"https:\/\/www.therooms.eu\/en\/#website"},"datePublished":"2022-06-07T14:15:36+00:00","dateModified":"2022-06-07T14:15:36+00:00","description":"Access the operational rules on TheRooms.eu. Important information regarding rules, safety, and other guidelines can be found right here.","breadcrumb":{"@id":"https:\/\/www.therooms.eu\/en\/prevadzkovy-poriadok\/#breadcrumb"},"inLanguage":"en-US","potentialAction":[{"@type":"ReadAction","target":["https:\/\/www.therooms.eu\/en\/prevadzkovy-poriadok\/"]}]},{"@type":"BreadcrumbList","@id":"https:\/\/www.therooms.eu\/en\/prevadzkovy-poriadok\/#breadcrumb","itemListElement":[{"@type":"ListItem","position":1,"name":"Home","item":"https:\/\/www.therooms.eu\/en\/home\/"},{"@type":"ListItem","position":2,"name":"Prev\u00e1dzkov\u00fd poriadok"}]},{"@type":"WebSite","@id":"https:\/\/www.therooms.eu\/en\/#website","url":"https:\/\/www.therooms.eu\/en\/","name":"TheRooms.eu","description":"","publisher":{"@id":"https:\/\/www.therooms.eu\/en\/#organization"},"potentialAction":[{"@type":"SearchAction","target":{"@type":"EntryPoint","urlTemplate":"https:\/\/www.therooms.eu\/en\/?s={search_term_string}"},"query-input":{"@type":"PropertyValueSpecification","valueRequired":true,"valueName":"search_term_string"}}],"inLanguage":"en-US"},{"@type":"Organization","@id":"https:\/\/www.therooms.eu\/en\/#organization","name":"TheRooms.eu","url":"https:\/\/www.therooms.eu\/en\/","logo":{"@type":"ImageObject","inLanguage":"en-US","@id":"https:\/\/www.therooms.eu\/en\/#\/schema\/logo\/image\/","url":"https:\/\/www.therooms.eu\/wp-content\/uploads\/2022\/12\/TheRooms-New-logo-vektor-cierny-lem-2.png","contentUrl":"https:\/\/www.therooms.eu\/wp-content\/uploads\/2022\/12\/TheRooms-New-logo-vektor-cierny-lem-2.png","width":3537,"height":887,"caption":"TheRooms.eu"},"image":{"@id":"https:\/\/www.therooms.eu\/en\/#\/schema\/logo\/image\/"},"sameAs":["https:\/\/www.facebook.com\/therooms.eu\/","https:\/\/www.instagram.com\/therooms.eu\/","https:\/\/www.youtube.com\/channel\/UCVvTiTvrpmuFrLP7JMeC3Zg"]}]}},"_links":{"self":[{"href":"https:\/\/www.therooms.eu\/en\/wp-json\/wp\/v2\/pages\/9063"}],"collection":[{"href":"https:\/\/www.therooms.eu\/en\/wp-json\/wp\/v2\/pages"}],"about":[{"href":"https:\/\/www.therooms.eu\/en\/wp-json\/wp\/v2\/types\/page"}],"author":[{"embeddable":true,"href":"https:\/\/www.therooms.eu\/en\/wp-json\/wp\/v2\/users\/5"}],"replies":[{"embeddable":true,"href":"https:\/\/www.therooms.eu\/en\/wp-json\/wp\/v2\/comments?post=9063"}],"version-history":[{"count":3,"href":"https:\/\/www.therooms.eu\/en\/wp-json\/wp\/v2\/pages\/9063\/revisions"}],"predecessor-version":[{"id":9066,"href":"https:\/\/www.therooms.eu\/en\/wp-json\/wp\/v2\/pages\/9063\/revisions\/9066"}],"wp:attachment":[{"href":"https:\/\/www.therooms.eu\/en\/wp-json\/wp\/v2\/media?parent=9063"}],"curies":[{"name":"wp","href":"https:\/\/api.w.org\/{rel}","templated":true}]}}